{"id":140,"date":"2024-12-31T11:49:44","date_gmt":"2024-12-31T11:49:44","guid":{"rendered":"https:\/\/nettvernetzt.de\/?page_id=140"},"modified":"2024-12-31T15:33:41","modified_gmt":"2024-12-31T15:33:41","slug":"impressum","status":"publish","type":"page","link":"https:\/\/nettvernetzt.de\/index.php\/impressum\/","title":{"rendered":"Impressum"},"content":{"rendered":"\t\t<div data-elementor-type=\"wp-page\" data-elementor-id=\"140\" class=\"elementor elementor-140\">\n\t\t\t\t<div class=\"elementor-element elementor-element-0885028 e-flex e-con-boxed e-con e-parent\" data-id=\"0885028\" data-element_type=\"container\" data-e-type=\"container\">\n\t\t\t\t\t<div class=\"e-con-inner\">\n\t\t<div class=\"elementor-element elementor-element-14a63e1 e-con-full e-flex e-con e-child\" data-id=\"14a63e1\" data-element_type=\"container\" data-e-type=\"container\">\n\t\t\t\t<\/div>\n\t\t<div class=\"elementor-element elementor-element-b515b94 e-con-full e-flex e-con e-child\" data-id=\"b515b94\" data-element_type=\"container\" data-e-type=\"container\">\n\t\t\t\t<div class=\"elementor-element elementor-element-cb2dae2 elementor-widget elementor-widget-text-editor\" data-id=\"cb2dae2\" data-element_type=\"widget\" data-e-type=\"widget\" data-widget_type=\"text-editor.default\">\n\t\t\t\t<div class=\"elementor-widget-container\">\n\t\t\t\t\t\t\t\t\t<span style=\"text-decoration: underline; color: #000000;\"><strong>Impressum<\/strong><\/span><br>\n<span style=\"color: #000000;\">Angaben gem\u00e4\u00df \u00a7 5 DDG<\/span><br>\n<span style=\"color: #000000;\">Peter Kehrl\u00f6\u00dfer<\/span><br>\n<span style=\"color: #000000;\">Oberneisener Str. 19a<\/span><br>\n<span style=\"color: #000000;\">65623 Hahnst\u00e4tten<\/span><br>\n<span style=\"color: #000000;\">Tel.: 06430\/9263246<\/span><br>\n<span style=\"color: #000000;\">E-Mail: <a class=\"email-address link-standard\" style=\"color: #000000;\" href=\"https:\/\/mein.ionos.de\/email-account-details\/mailbox\/199397139\">kontakt@aartalpromo.de<\/a><\/span><br>\n\n<span style=\"color: #000000;\">Gem\u00e4\u00df der Kleinunternehmerregelung aus \u00a7 19 UStG wird keine Umsatzsteuer berechnet.<\/span>\n<br>\n<span style=\"color: #000000;\">EU-Streitschlichtung<\/span>\n<span style=\"color: #000000;\">Die Europ\u00e4ische Kommission stellt eine Plattform zur Online-Streitbeilegung (OS) bereit:<\/span>\n<span style=\"color: #000000;\">https:\/\/ec.europa.eu\/consumers\/odr\/.<\/span>\n<span style=\"color: #000000;\">Unsere E-Mail-Adresse finden Sie oben im Impressum.<\/span>\n<span style=\"color: #000000;\">Verbraucherstreitbeilegung\/Universalschlichtungsstelle<\/span>\n<span style=\"color: #000000;\">Wir sind nicht bereit oder verpflichtet, an Streitbeilegungsverfahren vor einer<\/span>\n<span style=\"color: #000000;\">Verbraucherschlichtungsstelle teilzunehmen.<\/span>\n<span style=\"color: #000000;\">Quelle:<\/span>\n<span style=\"color: #000000;\">https:\/\/www.e-recht24.de\/impressum-generator.html<\/span>\t\t\t\t\t\t\t\t<\/div>\n\t\t\t\t<\/div>\n\t\t\t\t<\/div>\n\t\t<div class=\"elementor-element elementor-element-8c525d7 e-con-full e-flex e-con e-child\" data-id=\"8c525d7\" data-element_type=\"container\" data-e-type=\"container\">\n\t\t\t\t<\/div>\n\t\t\t\t\t<\/div>\n\t\t\t\t<\/div>\n\t\t\t\t<\/div>\n\t\t","protected":false},"excerpt":{"rendered":"<p>Impressum Angaben gem\u00e4\u00df \u00a7 5 DDG Peter Kehrl\u00f6\u00dfer Oberneisener Str. 19a 65623 Hahnst\u00e4tten Tel.: 06430\/9263246 E-Mail: kontakt@aartalpromo.de Gem\u00e4\u00df der Kleinunternehmerregelung aus \u00a7 19 UStG wird keine Umsatzsteuer berechnet. EU-Streitschlichtung Die [&hellip;]<\/p>\n","protected":false},"author":1,"featured_media":0,"parent":0,"menu_order":0,"comment_status":"closed","ping_status":"closed","template":"","meta":{"_bbp_topic_count":0,"_bbp_reply_count":0,"_bbp_total_topic_count":0,"_bbp_total_reply_count":0,"_bbp_voice_count":0,"_bbp_anonymous_reply_count":0,"_bbp_topic_count_hidden":0,"_bbp_reply_count_hidden":0,"_bbp_forum_subforum_count":0,"footnotes":""},"class_list":["post-140","page","type-page","status-publish","hentry","entry"],"_links":{"self":[{"href":"https:\/\/nettvernetzt.de\/index.php\/wp-json\/wp\/v2\/pages\/140","targetHints":{"allow":["GET"]}}],"collection":[{"href":"https:\/\/nettvernetzt.de\/index.php\/wp-json\/wp\/v2\/pages"}],"about":[{"href":"https:\/\/nettvernetzt.de\/index.php\/wp-json\/wp\/v2\/types\/page"}],"author":[{"embeddable":true,"href":"https:\/\/nettvernetzt.de\/index.php\/wp-json\/wp\/v2\/users\/1"}],"replies":[{"embeddable":true,"href":"https:\/\/nettvernetzt.de\/index.php\/wp-json\/wp\/v2\/comments?post=140"}],"version-history":[{"count":0,"href":"https:\/\/nettvernetzt.de\/index.php\/wp-json\/wp\/v2\/pages\/140\/revisions"}],"wp:attachment":[{"href":"https:\/\/nettvernetzt.de\/index.php\/wp-json\/wp\/v2\/media?parent=140"}],"curies":[{"name":"wp","href":"https:\/\/api.w.org\/{rel}","templated":true}]}}