{"id":267,"date":"2025-01-02T09:34:11","date_gmt":"2025-01-02T09:34:11","guid":{"rendered":"https:\/\/nettvernetzt.de\/?page_id=267"},"modified":"2025-01-02T09:34:11","modified_gmt":"2025-01-02T09:34:11","slug":"flohmarkt-artikel-eintragen","status":"publish","type":"page","link":"https:\/\/nettvernetzt.de\/index.php\/flohmarkt-artikel-eintragen\/","title":{"rendered":"Flohmarkt Artikel eintragen"},"content":{"rendered":"\n<div class=\"wpcf7 no-js\" id=\"wpcf7-f192-o1\" lang=\"de-DE\" dir=\"ltr\" data-wpcf7-id=\"192\">\n<div class=\"screen-reader-response\"><p role=\"status\" aria-live=\"polite\" aria-atomic=\"true\"><\/p> <ul><\/ul><\/div>\n<form action=\"\/index.php\/wp-json\/wp\/v2\/pages\/267#wpcf7-f192-o1\" method=\"post\" class=\"wpcf7-form init\" aria-label=\"Kontaktformular\" enctype=\"multipart\/form-data\" novalidate=\"novalidate\" data-status=\"init\">\n<fieldset class=\"hidden-fields-container\"><input type=\"hidden\" name=\"_wpcf7\" value=\"192\" \/><input type=\"hidden\" name=\"_wpcf7_version\" value=\"6.1.5\" \/><input type=\"hidden\" name=\"_wpcf7_locale\" value=\"de_DE\" \/><input type=\"hidden\" name=\"_wpcf7_unit_tag\" value=\"wpcf7-f192-o1\" \/><input type=\"hidden\" name=\"_wpcf7_container_post\" value=\"0\" \/><input type=\"hidden\" name=\"_wpcf7_posted_data_hash\" value=\"\" \/><input type=\"hidden\" name=\"_wpcf7cf_hidden_group_fields\" value=\"[]\" \/><input type=\"hidden\" name=\"_wpcf7cf_hidden_groups\" value=\"[]\" \/><input type=\"hidden\" name=\"_wpcf7cf_visible_groups\" value=\"[]\" \/><input type=\"hidden\" name=\"_wpcf7cf_repeaters\" value=\"[]\" \/><input type=\"hidden\" name=\"_wpcf7cf_steps\" value=\"{}\" \/><input type=\"hidden\" name=\"_wpcf7cf_options\" value=\"{&quot;form_id&quot;:192,&quot;conditions&quot;:[],&quot;settings&quot;:{&quot;animation&quot;:&quot;yes&quot;,&quot;animation_intime&quot;:200,&quot;animation_outtime&quot;:200,&quot;conditions_ui&quot;:&quot;normal&quot;,&quot;notice_dismissed&quot;:false,&quot;notice_dismissed_rollback-cf7-6.0.5&quot;:true}}\" \/>\n<\/fieldset>\n<p><label> Vollst\u00e4ndiger Name (Wird automatisch ausgef\u00fcllt daher bitte nichts \u00e4ndern)<br \/>\nBenutzername: <span class=\"wpcf7-form-control-wrap\" data-name=\"username\"><input size=\"40\" maxlength=\"400\" class=\"wpcf7-form-control wpcf7-text wpcf7-validates-as-required\" aria-required=\"true\" aria-invalid=\"false\" value=\"\" type=\"text\" name=\"username\" \/><\/span> <\/label>\n<\/p>\n<p><label> ID-Code (Findest du in Mitglieder auf deine pers\u00f6nliche Seite)<br \/>\n<span class=\"wpcf7-form-control-wrap\" data-name=\"idcode\"><input size=\"40\" maxlength=\"400\" class=\"wpcf7-form-control wpcf7-text wpcf7-validates-as-required\" aria-required=\"true\" aria-invalid=\"false\" value=\"\" type=\"text\" name=\"idcode\" \/><\/span> <\/label>\n<\/p>\n<p><label> Bezeichnung \/ Titel des Produkts (Findest du in Mitglieder auf deine pers\u00f6nliche Seite)<br \/>\n<span class=\"wpcf7-form-control-wrap\" data-name=\"titel\"><input size=\"40\" maxlength=\"400\" class=\"wpcf7-form-control wpcf7-text wpcf7-validates-as-required\" aria-required=\"true\" aria-invalid=\"false\" value=\"\" type=\"text\" name=\"titel\" \/><\/span> <\/label>\n<\/p>\n<p><label> Beschreibung und Infos zur deinem Flohmarktartikel.<br \/>\n<span class=\"wpcf7-form-control-wrap\" data-name=\"textarea-650\"><textarea cols=\"40\" rows=\"10\" maxlength=\"2000\" class=\"wpcf7-form-control wpcf7-textarea\" aria-invalid=\"false\" name=\"textarea-650\"><\/textarea><\/span> <\/label>\n<\/p>\n<p>Foto:<br \/>\n<span class=\"wpcf7-form-control-wrap\" data-name=\"file-479\"><input size=\"40\" class=\"wpcf7-form-control wpcf7-file\" accept=\"audio\/*,video\/*,image\/*\" aria-invalid=\"false\" type=\"file\" name=\"file-479\" \/><\/span>\n<\/p>\n<p><input class=\"wpcf7-form-control wpcf7-submit has-spinner\" type=\"submit\" value=\"Senden\" \/>\n<\/p><div class=\"wpcf7-response-output\" aria-hidden=\"true\"><\/div>\n<\/form>\n<\/div>\n\n","protected":false},"excerpt":{"rendered":"","protected":false},"author":1,"featured_media":0,"parent":0,"menu_order":0,"comment_status":"closed","ping_status":"closed","template":"","meta":{"_bbp_topic_count":0,"_bbp_reply_count":0,"_bbp_total_topic_count":0,"_bbp_total_reply_count":0,"_bbp_voice_count":0,"_bbp_anonymous_reply_count":0,"_bbp_topic_count_hidden":0,"_bbp_reply_count_hidden":0,"_bbp_forum_subforum_count":0,"footnotes":""},"class_list":["post-267","page","type-page","status-publish","hentry","entry"],"_links":{"self":[{"href":"https:\/\/nettvernetzt.de\/index.php\/wp-json\/wp\/v2\/pages\/267","targetHints":{"allow":["GET"]}}],"collection":[{"href":"https:\/\/nettvernetzt.de\/index.php\/wp-json\/wp\/v2\/pages"}],"about":[{"href":"https:\/\/nettvernetzt.de\/index.php\/wp-json\/wp\/v2\/types\/page"}],"author":[{"embeddable":true,"href":"https:\/\/nettvernetzt.de\/index.php\/wp-json\/wp\/v2\/users\/1"}],"replies":[{"embeddable":true,"href":"https:\/\/nettvernetzt.de\/index.php\/wp-json\/wp\/v2\/comments?post=267"}],"version-history":[{"count":0,"href":"https:\/\/nettvernetzt.de\/index.php\/wp-json\/wp\/v2\/pages\/267\/revisions"}],"wp:attachment":[{"href":"https:\/\/nettvernetzt.de\/index.php\/wp-json\/wp\/v2\/media?parent=267"}],"curies":[{"name":"wp","href":"https:\/\/api.w.org\/{rel}","templated":true}]}}